{"id":14,"date":"2018-01-11T17:56:23","date_gmt":"2018-01-11T17:56:23","guid":{"rendered":"https:\/\/wplook.ca\/?page_id=14"},"modified":"2026-03-02T07:04:49","modified_gmt":"2026-03-02T07:04:49","slug":"realisations","status":"publish","type":"page","link":"https:\/\/wplook.ca\/fr\/realisations\/","title":{"rendered":"R\u00e9alisations"},"content":{"rendered":"","protected":false},"excerpt":{"rendered":"","protected":false},"author":1,"featured_media":0,"parent":0,"menu_order":0,"comment_status":"closed","ping_status":"closed","template":"template-portfolio.php","meta":{"_yoast_wpseo_focuskw":"portfolio wordpress montr\u00e9al","_yoast_wpseo_title":"Nos r\u00e9alisations | Portfolio WordPress - WPlook Studio Montr\u00e9al","_yoast_wpseo_metadesc":"D\u00e9couvrez notre portfolio WordPress. WPlook Studio a livr\u00e9 des sites web sur mesure, des boutiques WooCommerce et des solutions num\u00e9riques pour des entreprises \u00e0 Montr\u00e9al et au Canada depuis plus de 20 ans.","_wpl_gsc_clicks":0,"_wpl_gsc_impressions":0,"_wpl_gsc_ctr":0,"_wpl_gsc_position":0,"_wpl_gsc_queries":"","_wpl_gsc_updated":"","footnotes":"","wpl_teaser_subtitle":"Nous sommes fiers de notre travail","wpl_teaser_description":"Notre portfolio impressionnant \u2014 la preuve de notre expertise, exp\u00e9rience et comp\u00e9tences.","opposite_language_url":"https:\/\/wplook.ca\/our-work\/"},"class_list":["post-14","page","type-page","status-publish","hentry"],"yoast_head":"<!-- This site is optimized with the Yoast SEO plugin v27.3 - https:\/\/yoast.com\/product\/yoast-seo-wordpress\/ -->\n<title>Nos r\u00e9alisations | Portfolio WordPress - WPlook Studio Montr\u00e9al<\/title>\n<meta name=\"description\" content=\"D\u00e9couvrez notre portfolio WordPress. WPlook Studio a livr\u00e9 des sites web sur mesure, des boutiques WooCommerce et des solutions num\u00e9riques pour des entreprises \u00e0 Montr\u00e9al et au Canada depuis plus de 20 ans.\" \/>\n<meta name=\"robots\" content=\"index, follow, max-snippet:-1, max-image-preview:large, max-video-preview:-1\" \/>\n<link rel=\"canonical\" href=\"https:\/\/wplook.ca\/fr\/realisations\/\" \/>\n<meta property=\"og:locale\" content=\"fr_CA\" \/>\n<meta property=\"og:type\" content=\"article\" \/>\n<meta property=\"og:title\" content=\"Nos r\u00e9alisations | Portfolio WordPress - WPlook Studio Montr\u00e9al\" \/>\n<meta property=\"og:description\" content=\"D\u00e9couvrez notre portfolio WordPress. WPlook Studio a livr\u00e9 des sites web sur mesure, des boutiques WooCommerce et des solutions num\u00e9riques pour des entreprises \u00e0 Montr\u00e9al et au Canada depuis plus de 20 ans.\" \/>\n<meta property=\"og:url\" content=\"https:\/\/wplook.ca\/fr\/realisations\/\" \/>\n<meta property=\"og:site_name\" content=\"Agence Web WPlook\" \/>\n<meta property=\"article:modified_time\" content=\"2026-03-02T07:04:49+00:00\" \/>\n<meta name=\"twitter:card\" content=\"summary_large_image\" \/>\n<script type=\"application\/ld+json\" class=\"yoast-schema-graph\">{\"@context\":\"https:\\\/\\\/schema.org\",\"@graph\":[{\"@type\":\"WebPage\",\"@id\":\"https:\\\/\\\/wplook.ca\\\/fr\\\/realisations\\\/\",\"url\":\"https:\\\/\\\/wplook.ca\\\/fr\\\/realisations\\\/\",\"name\":\"Nos r\u00e9alisations | Portfolio WordPress - WPlook Studio Montr\u00e9al\",\"isPartOf\":{\"@id\":\"https:\\\/\\\/wplook.ca\\\/fr\\\/#website\"},\"datePublished\":\"2018-01-11T17:56:23+00:00\",\"dateModified\":\"2026-03-02T07:04:49+00:00\",\"description\":\"D\u00e9couvrez notre portfolio WordPress. WPlook Studio a livr\u00e9 des sites web sur mesure, des boutiques WooCommerce et des solutions num\u00e9riques pour des entreprises \u00e0 Montr\u00e9al et au Canada depuis plus de 20 ans.\",\"breadcrumb\":{\"@id\":\"https:\\\/\\\/wplook.ca\\\/fr\\\/realisations\\\/#breadcrumb\"},\"inLanguage\":\"fr-CA\",\"potentialAction\":[{\"@type\":\"ReadAction\",\"target\":[\"https:\\\/\\\/wplook.ca\\\/fr\\\/realisations\\\/\"]}]},{\"@type\":\"BreadcrumbList\",\"@id\":\"https:\\\/\\\/wplook.ca\\\/fr\\\/realisations\\\/#breadcrumb\",\"itemListElement\":[{\"@type\":\"ListItem\",\"position\":1,\"name\":\"Home\",\"item\":\"https:\\\/\\\/wplook.ca\\\/fr\\\/\"},{\"@type\":\"ListItem\",\"position\":2,\"name\":\"R\u00e9alisations\"}]},{\"@type\":\"WebSite\",\"@id\":\"https:\\\/\\\/wplook.ca\\\/fr\\\/#website\",\"url\":\"https:\\\/\\\/wplook.ca\\\/fr\\\/\",\"name\":\"Agence Web WPlook\",\"description\":\"\",\"potentialAction\":[{\"@type\":\"SearchAction\",\"target\":{\"@type\":\"EntryPoint\",\"urlTemplate\":\"https:\\\/\\\/wplook.ca\\\/fr\\\/?s={search_term_string}\"},\"query-input\":{\"@type\":\"PropertyValueSpecification\",\"valueRequired\":true,\"valueName\":\"search_term_string\"}}],\"inLanguage\":\"fr-CA\"}]}<\/script>\n<!-- \/ Yoast SEO plugin. -->","yoast_head_json":{"title":"Nos r\u00e9alisations | Portfolio WordPress - WPlook Studio Montr\u00e9al","description":"D\u00e9couvrez notre portfolio WordPress. WPlook Studio a livr\u00e9 des sites web sur mesure, des boutiques WooCommerce et des solutions num\u00e9riques pour des entreprises \u00e0 Montr\u00e9al et au Canada depuis plus de 20 ans.","robots":{"index":"index","follow":"follow","max-snippet":"max-snippet:-1","max-image-preview":"max-image-preview:large","max-video-preview":"max-video-preview:-1"},"canonical":"https:\/\/wplook.ca\/fr\/realisations\/","og_locale":"fr_CA","og_type":"article","og_title":"Nos r\u00e9alisations | Portfolio WordPress - WPlook Studio Montr\u00e9al","og_description":"D\u00e9couvrez notre portfolio WordPress. WPlook Studio a livr\u00e9 des sites web sur mesure, des boutiques WooCommerce et des solutions num\u00e9riques pour des entreprises \u00e0 Montr\u00e9al et au Canada depuis plus de 20 ans.","og_url":"https:\/\/wplook.ca\/fr\/realisations\/","og_site_name":"Agence Web WPlook","article_modified_time":"2026-03-02T07:04:49+00:00","twitter_card":"summary_large_image","schema":{"@context":"https:\/\/schema.org","@graph":[{"@type":"WebPage","@id":"https:\/\/wplook.ca\/fr\/realisations\/","url":"https:\/\/wplook.ca\/fr\/realisations\/","name":"Nos r\u00e9alisations | Portfolio WordPress - WPlook Studio Montr\u00e9al","isPartOf":{"@id":"https:\/\/wplook.ca\/fr\/#website"},"datePublished":"2018-01-11T17:56:23+00:00","dateModified":"2026-03-02T07:04:49+00:00","description":"D\u00e9couvrez notre portfolio WordPress. WPlook Studio a livr\u00e9 des sites web sur mesure, des boutiques WooCommerce et des solutions num\u00e9riques pour des entreprises \u00e0 Montr\u00e9al et au Canada depuis plus de 20 ans.","breadcrumb":{"@id":"https:\/\/wplook.ca\/fr\/realisations\/#breadcrumb"},"inLanguage":"fr-CA","potentialAction":[{"@type":"ReadAction","target":["https:\/\/wplook.ca\/fr\/realisations\/"]}]},{"@type":"BreadcrumbList","@id":"https:\/\/wplook.ca\/fr\/realisations\/#breadcrumb","itemListElement":[{"@type":"ListItem","position":1,"name":"Home","item":"https:\/\/wplook.ca\/fr\/"},{"@type":"ListItem","position":2,"name":"R\u00e9alisations"}]},{"@type":"WebSite","@id":"https:\/\/wplook.ca\/fr\/#website","url":"https:\/\/wplook.ca\/fr\/","name":"Agence Web WPlook","description":"","potentialAction":[{"@type":"SearchAction","target":{"@type":"EntryPoint","urlTemplate":"https:\/\/wplook.ca\/fr\/?s={search_term_string}"},"query-input":{"@type":"PropertyValueSpecification","valueRequired":true,"valueName":"search_term_string"}}],"inLanguage":"fr-CA"}]}},"_links":{"self":[{"href":"https:\/\/wplook.ca\/fr\/wp-json\/wp\/v2\/pages\/14","targetHints":{"allow":["GET"]}}],"collection":[{"href":"https:\/\/wplook.ca\/fr\/wp-json\/wp\/v2\/pages"}],"about":[{"href":"https:\/\/wplook.ca\/fr\/wp-json\/wp\/v2\/types\/page"}],"author":[{"embeddable":true,"href":"https:\/\/wplook.ca\/fr\/wp-json\/wp\/v2\/users\/1"}],"replies":[{"embeddable":true,"href":"https:\/\/wplook.ca\/fr\/wp-json\/wp\/v2\/comments?post=14"}],"version-history":[{"count":1,"href":"https:\/\/wplook.ca\/fr\/wp-json\/wp\/v2\/pages\/14\/revisions"}],"predecessor-version":[{"id":257,"href":"https:\/\/wplook.ca\/fr\/wp-json\/wp\/v2\/pages\/14\/revisions\/257"}],"wp:attachment":[{"href":"https:\/\/wplook.ca\/fr\/wp-json\/wp\/v2\/media?parent=14"}],"curies":[{"name":"wp","href":"https:\/\/api.w.org\/{rel}","templated":true}]}}