{"id":18,"date":"2018-01-11T17:57:23","date_gmt":"2018-01-11T17:57:23","guid":{"rendered":"https:\/\/wplook.ca\/?page_id=18"},"modified":"2026-03-02T07:10:23","modified_gmt":"2026-03-02T07:10:23","slug":"nous-joindre","status":"publish","type":"page","link":"https:\/\/wplook.ca\/fr\/nous-joindre\/","title":{"rendered":"Contact"},"content":{"rendered":"<section id=\"blog-teaser\" class=\"single-post-teaser\" class=\"wp-block-wpl-page-header\">\n\t<div class=\"grid-container\">\n\t\t<div class=\"grid-x grid-margin-x grid-padding-x align-middle\">\n\t\t\t<div class=\"cell small-12 medium-8\">\n\t\t\t\t\t\t\t\t\t<span class=\"section-subtitle\">Parlez-nous de votre projet!<\/span>\n\t\t\t\t\n\t\t\t\t<h2 class=\"entry-title\">Contact<\/h2>\n\n\t\t\t\t\t\t\t\t\t<p>Vous avez une question ou souhaitez discuter d\u2019un projet? Envoyez-nous un message et nous vous r\u00e9pondrons dans les 24 heures.<\/p>\n\t\t\t\t\t\t\t<\/div>\n\t\t<\/div>\n\t<\/div>\n<\/section>\n\n\n<section class=\"wpl-contact-section wp-block-wpl-contact-form\">\n<div class=\"grid-container\">\n<div class=\"grid-x grid-margin-x grid-padding-x\">\n<div class=\"cell small-12\">\n\t<form class=\"wpl-form wpl-contact-form\" data-endpoint=\"https:\/\/wplook.ca\/fr\/wp-json\/wpl\/v1\/contact\" data-nonce=\"41fa73da3e\" data-recipient=\"victor@wplook.com\" data-success=\"Merci! Votre message a \u00e9t\u00e9 envoy\u00e9. Nous vous r\u00e9pondrons sous 24h.\" data-sending=\"Envoi en cours...\" data-error=\"Une erreur est survenue. Veuillez r\u00e9essayer.\" data-required-msg=\"Ce champ est requis.\" novalidate>\n\n\t\t<div class=\"grid-x grid-padding-x\">\n\t\t\t<div class=\"cell medium-6\">\n\t\t\t\t<label>Votre nom <span class=\"wpl-required\">*<\/span><\/label>\n\t\t\t\t<input type=\"text\" name=\"name\" required placeholder=\"Pr\u00e9nom et nom\">\n\t\t\t\t<span class=\"wpl-field-error\"><\/span>\n\t\t\t<\/div>\n\t\t\t<div class=\"cell medium-6\">\n\t\t\t\t<label>Email <span class=\"wpl-required\">*<\/span><\/label>\n\t\t\t\t<input type=\"email\" name=\"email\" required placeholder=\"votre@email.com\">\n\t\t\t\t<span class=\"wpl-field-error\"><\/span>\n\t\t\t<\/div>\n\t\t\t<div class=\"cell medium-6\">\n\t\t\t\t<label>Entreprise<\/label>\n\t\t\t\t<input type=\"text\" name=\"company\" placeholder=\"Nom de votre entreprise\">\n\t\t\t<\/div>\n\t\t\t<div class=\"cell medium-6\">\n\t\t\t\t<label>T\u00e9l\u00e9phone<\/label>\n\t\t\t\t<input type=\"tel\" name=\"phone\" placeholder=\"+1 (514) 000-0000\">\n\t\t\t<\/div>\n\t\t\t<div class=\"cell medium-12\">\n\t\t\t\t<label>Comment pouvons-nous vous aider? <span class=\"wpl-required\">*<\/span><\/label>\n\t\t\t\t<textarea name=\"details\" rows=\"5\" required placeholder=\"D\u00e9crivez bri\u00e8vement votre projet ou votre question...\"><\/textarea>\n\t\t\t\t<span class=\"wpl-field-error\"><\/span>\n\t\t\t<\/div>\n\n\t\t\t<!-- Honeypot -->\n\t\t\t<div style=\"position:absolute;left:-9999px\" aria-hidden=\"true\">\n\t\t\t\t<input type=\"text\" name=\"website_url\" tabindex=\"-1\" autocomplete=\"off\">\n\t\t\t<\/div>\n\n\t\t\t<div class=\"cell medium-12 wpl-contact-actions\">\n\t\t\t\t<button type=\"submit\" class=\"button action-button red radius\"><i class=\"fas fa-paper-plane\"><\/i> Envoyer le message<\/button>\n\t\t\t<\/div>\n\t\t\t<div class=\"cell medium-12 wpl-form-message\" style=\"display:none\"><\/div>\n\t\t<\/div>\n\n\t\t\t\t<div class=\"wpl-worksheet-cta\">\n\t\t\t<i class=\"fas fa-clipboard-list\"><\/i>\n\t\t\t<p>Vous avez un projet d\u00e9taill\u00e9 en t\u00eate? <a href=\"https:\/\/wplook.ca\/fr\/feuille-de-projet\/\">Remplissez notre feuille de projet<\/a> pour une soumission plus pr\u00e9cise.<\/p>\n\t\t<\/div>\n\t\t\t<\/form>\n<\/div>\n<\/div>\n<\/div>\n<\/section>\n","protected":false},"excerpt":{"rendered":"","protected":false},"author":1,"featured_media":0,"parent":0,"menu_order":0,"comment_status":"closed","ping_status":"closed","template":"template-fullwidth-blocks.php","meta":{"_yoast_wpseo_focuskw":"contact agence wordpress montr\u00e9al","_yoast_wpseo_title":"Nous joindre | Agence WordPress Montr\u00e9al - WPlook Studio","_yoast_wpseo_metadesc":"Contactez WPlook Studio, l'agence WordPress de confiance \u00e0 Montr\u00e9al avec plus de 20 ans d'exp\u00e9rience. Obtenez une consultation gratuite pour le d\u00e9veloppement WordPress, WooCommerce, SEO et marketing num\u00e9rique.","_wpl_gsc_clicks":0,"_wpl_gsc_impressions":0,"_wpl_gsc_ctr":0,"_wpl_gsc_position":0,"_wpl_gsc_queries":"","_wpl_gsc_updated":"","footnotes":"","wpl_teaser_subtitle":"Parlez nous de votre projet!","wpl_teaser_description":"Notre \u00e9quipe des experts aimerait conna\u00eetre votre nouveau projet de d\u00e9veloppement WordPress. Chaque nouveau projet devient pour nous un nouveau d\u00e9fi. <br \/> Remplissez le formulaire ci-dessous et laissez nos meilleures id\u00e9es faire chanter vos projets!","opposite_language_url":"https:\/\/wplook.ca\/contact\/"},"class_list":["post-18","page","type-page","status-publish","hentry"],"yoast_head":"<!-- This site is optimized with the Yoast SEO plugin v27.3 - https:\/\/yoast.com\/product\/yoast-seo-wordpress\/ -->\n<title>Nous joindre | Agence WordPress Montr\u00e9al - WPlook Studio<\/title>\n<meta name=\"description\" content=\"Contactez WPlook Studio, l&#039;agence WordPress de confiance \u00e0 Montr\u00e9al avec plus de 20 ans d&#039;exp\u00e9rience. Obtenez une consultation gratuite pour le d\u00e9veloppement WordPress, WooCommerce, SEO et marketing num\u00e9rique.\" \/>\n<meta name=\"robots\" content=\"index, follow, max-snippet:-1, max-image-preview:large, max-video-preview:-1\" \/>\n<link rel=\"canonical\" href=\"https:\/\/wplook.ca\/fr\/nous-joindre\/\" \/>\n<meta property=\"og:locale\" content=\"fr_CA\" \/>\n<meta property=\"og:type\" content=\"article\" \/>\n<meta property=\"og:title\" content=\"Nous joindre | Agence WordPress Montr\u00e9al - WPlook Studio\" \/>\n<meta property=\"og:description\" content=\"Contactez WPlook Studio, l&#039;agence WordPress de confiance \u00e0 Montr\u00e9al avec plus de 20 ans d&#039;exp\u00e9rience. Obtenez une consultation gratuite pour le d\u00e9veloppement WordPress, WooCommerce, SEO et marketing num\u00e9rique.\" \/>\n<meta property=\"og:url\" content=\"https:\/\/wplook.ca\/fr\/nous-joindre\/\" \/>\n<meta property=\"og:site_name\" content=\"Agence Web WPlook\" \/>\n<meta property=\"article:modified_time\" content=\"2026-03-02T07:10:23+00:00\" \/>\n<meta name=\"twitter:card\" content=\"summary_large_image\" \/>\n<meta name=\"twitter:label1\" content=\"Estimation du temps de lecture\" \/>\n\t<meta name=\"twitter:data1\" content=\"1 minute\" \/>\n<script type=\"application\/ld+json\" class=\"yoast-schema-graph\">{\"@context\":\"https:\\\/\\\/schema.org\",\"@graph\":[{\"@type\":\"WebPage\",\"@id\":\"https:\\\/\\\/wplook.ca\\\/fr\\\/nous-joindre\\\/\",\"url\":\"https:\\\/\\\/wplook.ca\\\/fr\\\/nous-joindre\\\/\",\"name\":\"Nous joindre | Agence WordPress Montr\u00e9al - WPlook Studio\",\"isPartOf\":{\"@id\":\"https:\\\/\\\/wplook.ca\\\/fr\\\/#website\"},\"datePublished\":\"2018-01-11T17:57:23+00:00\",\"dateModified\":\"2026-03-02T07:10:23+00:00\",\"description\":\"Contactez WPlook Studio, l'agence WordPress de confiance \u00e0 Montr\u00e9al avec plus de 20 ans d'exp\u00e9rience. Obtenez une consultation gratuite pour le d\u00e9veloppement WordPress, WooCommerce, SEO et marketing num\u00e9rique.\",\"breadcrumb\":{\"@id\":\"https:\\\/\\\/wplook.ca\\\/fr\\\/nous-joindre\\\/#breadcrumb\"},\"inLanguage\":\"fr-CA\",\"potentialAction\":[{\"@type\":\"ReadAction\",\"target\":[\"https:\\\/\\\/wplook.ca\\\/fr\\\/nous-joindre\\\/\"]}]},{\"@type\":\"BreadcrumbList\",\"@id\":\"https:\\\/\\\/wplook.ca\\\/fr\\\/nous-joindre\\\/#breadcrumb\",\"itemListElement\":[{\"@type\":\"ListItem\",\"position\":1,\"name\":\"Home\",\"item\":\"https:\\\/\\\/wplook.ca\\\/fr\\\/\"},{\"@type\":\"ListItem\",\"position\":2,\"name\":\"Contact\"}]},{\"@type\":\"WebSite\",\"@id\":\"https:\\\/\\\/wplook.ca\\\/fr\\\/#website\",\"url\":\"https:\\\/\\\/wplook.ca\\\/fr\\\/\",\"name\":\"Agence Web WPlook\",\"description\":\"\",\"potentialAction\":[{\"@type\":\"SearchAction\",\"target\":{\"@type\":\"EntryPoint\",\"urlTemplate\":\"https:\\\/\\\/wplook.ca\\\/fr\\\/?s={search_term_string}\"},\"query-input\":{\"@type\":\"PropertyValueSpecification\",\"valueRequired\":true,\"valueName\":\"search_term_string\"}}],\"inLanguage\":\"fr-CA\"}]}<\/script>\n<!-- \/ Yoast SEO plugin. -->","yoast_head_json":{"title":"Nous joindre | Agence WordPress Montr\u00e9al - WPlook Studio","description":"Contactez WPlook Studio, l'agence WordPress de confiance \u00e0 Montr\u00e9al avec plus de 20 ans d'exp\u00e9rience. Obtenez une consultation gratuite pour le d\u00e9veloppement WordPress, WooCommerce, SEO et marketing num\u00e9rique.","robots":{"index":"index","follow":"follow","max-snippet":"max-snippet:-1","max-image-preview":"max-image-preview:large","max-video-preview":"max-video-preview:-1"},"canonical":"https:\/\/wplook.ca\/fr\/nous-joindre\/","og_locale":"fr_CA","og_type":"article","og_title":"Nous joindre | Agence WordPress Montr\u00e9al - WPlook Studio","og_description":"Contactez WPlook Studio, l'agence WordPress de confiance \u00e0 Montr\u00e9al avec plus de 20 ans d'exp\u00e9rience. Obtenez une consultation gratuite pour le d\u00e9veloppement WordPress, WooCommerce, SEO et marketing num\u00e9rique.","og_url":"https:\/\/wplook.ca\/fr\/nous-joindre\/","og_site_name":"Agence Web WPlook","article_modified_time":"2026-03-02T07:10:23+00:00","twitter_card":"summary_large_image","twitter_misc":{"Estimation du temps de lecture":"1 minute"},"schema":{"@context":"https:\/\/schema.org","@graph":[{"@type":"WebPage","@id":"https:\/\/wplook.ca\/fr\/nous-joindre\/","url":"https:\/\/wplook.ca\/fr\/nous-joindre\/","name":"Nous joindre | Agence WordPress Montr\u00e9al - WPlook Studio","isPartOf":{"@id":"https:\/\/wplook.ca\/fr\/#website"},"datePublished":"2018-01-11T17:57:23+00:00","dateModified":"2026-03-02T07:10:23+00:00","description":"Contactez WPlook Studio, l'agence WordPress de confiance \u00e0 Montr\u00e9al avec plus de 20 ans d'exp\u00e9rience. Obtenez une consultation gratuite pour le d\u00e9veloppement WordPress, WooCommerce, SEO et marketing num\u00e9rique.","breadcrumb":{"@id":"https:\/\/wplook.ca\/fr\/nous-joindre\/#breadcrumb"},"inLanguage":"fr-CA","potentialAction":[{"@type":"ReadAction","target":["https:\/\/wplook.ca\/fr\/nous-joindre\/"]}]},{"@type":"BreadcrumbList","@id":"https:\/\/wplook.ca\/fr\/nous-joindre\/#breadcrumb","itemListElement":[{"@type":"ListItem","position":1,"name":"Home","item":"https:\/\/wplook.ca\/fr\/"},{"@type":"ListItem","position":2,"name":"Contact"}]},{"@type":"WebSite","@id":"https:\/\/wplook.ca\/fr\/#website","url":"https:\/\/wplook.ca\/fr\/","name":"Agence Web WPlook","description":"","potentialAction":[{"@type":"SearchAction","target":{"@type":"EntryPoint","urlTemplate":"https:\/\/wplook.ca\/fr\/?s={search_term_string}"},"query-input":{"@type":"PropertyValueSpecification","valueRequired":true,"valueName":"search_term_string"}}],"inLanguage":"fr-CA"}]}},"_links":{"self":[{"href":"https:\/\/wplook.ca\/fr\/wp-json\/wp\/v2\/pages\/18","targetHints":{"allow":["GET"]}}],"collection":[{"href":"https:\/\/wplook.ca\/fr\/wp-json\/wp\/v2\/pages"}],"about":[{"href":"https:\/\/wplook.ca\/fr\/wp-json\/wp\/v2\/types\/page"}],"author":[{"embeddable":true,"href":"https:\/\/wplook.ca\/fr\/wp-json\/wp\/v2\/users\/1"}],"replies":[{"embeddable":true,"href":"https:\/\/wplook.ca\/fr\/wp-json\/wp\/v2\/comments?post=18"}],"version-history":[{"count":5,"href":"https:\/\/wplook.ca\/fr\/wp-json\/wp\/v2\/pages\/18\/revisions"}],"predecessor-version":[{"id":343,"href":"https:\/\/wplook.ca\/fr\/wp-json\/wp\/v2\/pages\/18\/revisions\/343"}],"wp:attachment":[{"href":"https:\/\/wplook.ca\/fr\/wp-json\/wp\/v2\/media?parent=18"}],"curies":[{"name":"wp","href":"https:\/\/api.w.org\/{rel}","templated":true}]}}