{"id":8,"date":"2018-01-11T17:55:31","date_gmt":"2018-01-11T17:55:31","guid":{"rendered":"https:\/\/wplook.ca\/?page_id=8"},"modified":"2026-03-02T07:04:48","modified_gmt":"2026-03-02T07:04:48","slug":"home","status":"publish","type":"page","link":"https:\/\/wplook.ca\/fr\/","title":{"rendered":"Accueil"},"content":{"rendered":"<div id=\"teaser\" class=\"grid-y\" data-interval=\"6\" class=\"wp-block-wpl-hero-section\">\n\t<div class=\"cell small-4\"><\/div>\n\t<div class=\"cell small-7\">\n\t\t<div class=\"grid-container\">\n\t\t\t<div class=\"grid-x grid-margin-x grid-padding-x\">\n\t\t\t\t<div class=\"cell small-12 medium-9\">\n\t\t\t\t\t<div class=\"hero-slides\">\n\t\t\t\t\t\t\t\t\t\t\t\t\t<div class=\"hero-slide hero-slide--active\">\n\t\t\t\t\t\t\t\t\t\t\t\t\t\t\t\t\t<span class=\"section-subtitle\">Nous sommes des experts WordPress <\/span>\n\t\t\t\t\t\t\t\t\n\t\t\t\t\t\t\t\t\t\t\t\t\t\t\t\t\t<h2>Nous cr\u00e9ons des sites Web WordPress \u00e0 grande \u00e9chelle pour des entreprises du Canada et des \u00c9tats-Unis<\/h2>\n\t\t\t\t\t\t\t\t\n\t\t\t\t\t\t\t\t\t\t\t\t\t\t\t\t\t<a href=\"https:\/\/wplook.ca\/fr\/expertise\/\" class=\"button action-button red\" title=\"Plus\">Plus<\/a>\n\t\t\t\t\t\t\t\t\t\t\t\t\t\t\t<\/div>\n\t\t\t\t\t\t\t\t\t\t\t<\/div>\n\t\t\t\t<\/div>\n\t\t\t<\/div>\n\t\t<\/div>\n\t<\/div>\n\t<div class=\"cell shrink\">\n\t\t<div class=\"grid-container\">\n\t\t\t<div class=\"grid-x grid-margin-x grid-padding-x\">\n\t\t\t\t<div class=\"cell small-12 medium-9\" data-smooth-scroll>\n\t\t\t\t\t<a class=\"scroll-down\" href=\"#services-list\"><img decoding=\"async\" class=\"arrow pulsing\" src=\"https:\/\/wplook.ca\/fr\/wp-content\/themes\/wplook-ca\/assets\/svg\/arrow.svg\" alt=\"Scroll Down\"><span class=\"pulsing\">Scroll<\/span><\/a>\n\t\t\t\t<\/div>\n\t\t\t<\/div>\n\t\t<\/div>\n\t<\/div>\n<\/div>\n\n\n<section id=\"services-list\" style=\"background-color:#f3f3f3;\" class=\"wp-block-wpl-services-grid\">\n\t<div class=\"grid-container\">\n\t\t<div class=\"grid-x grid-margin-x grid-padding-x\">\n\t\t\t<div class=\"cell medium-12\">\n\t\t\t\t\t\t\t\t\t<span class=\"section-subtitle\">Ce que nous faisons<\/span>\n\t\t\t\t\t\t\t\t\t\t\t\t\t<h5>Tout ce dont votre entreprise a besoin pour r\u00e9ussir en ligne \u2014 sous un m\u00eame toit.<\/h5>\n\t\t\t\t\t\t\t<\/div>\n\t\t<\/div>\n\t<\/div>\n\t<div class=\"grid-container\">\n\t\t<div class=\"grid-x grid-margin-x grid-padding-x\">\n\t\t\t\t\t\t\t\n<div class=\"cell small-12 medium-6 large-6\" class=\"wp-block-wpl-service-item\">\n\t<div class=\"services-block\">\n\t\t\t\t\t<i class=\"fa-solid fa-compass services-block__bg-icon\" aria-hidden=\"true\"><\/i>\n\t\t\n\t\t\n\t\t\t\t\t<div class=\"services-block__icon\">\n\t\t\t\t<i class=\"fa-solid fa-compass\" aria-hidden=\"true\"><\/i>\n\t\t\t<\/div>\n\t\t\n\t\t\t\t\t<h4>Strat\u00e9gie<\/h4>\n\t\t\n\t\t\t\t\t<p>Nous analysons votre audience, \u00e9tudions vos concurrents et construisons une feuille de route qui aligne votre site web avec vos objectifs d&rsquo;affaires.<\/p>\t\t\n\t\t\t<\/div>\n<\/div>\n\n<div class=\"cell small-12 medium-6 large-6\" class=\"wp-block-wpl-service-item\">\n\t<div class=\"services-block\">\n\t\t\t\t\t<i class=\"fa-solid fa-palette services-block__bg-icon\" aria-hidden=\"true\"><\/i>\n\t\t\n\t\t\n\t\t\t\t\t<div class=\"services-block__icon\">\n\t\t\t\t<i class=\"fa-solid fa-palette\" aria-hidden=\"true\"><\/i>\n\t\t\t<\/div>\n\t\t\n\t\t\t\t\t<h4>Design<\/h4>\n\t\t\n\t\t\t\t\t<p>Des interfaces \u00e9l\u00e9gantes et adaptatives qui refl\u00e8tent votre marque et guident vos visiteurs vers l&rsquo;action \u2014 sur tous les appareils.<\/p>\t\t\n\t\t\t<\/div>\n<\/div>\n\n<div class=\"cell small-12 medium-6 large-6\" class=\"wp-block-wpl-service-item\">\n\t<div class=\"services-block\">\n\t\t\t\t\t<i class=\"fa-solid fa-code services-block__bg-icon\" aria-hidden=\"true\"><\/i>\n\t\t\n\t\t\n\t\t\t\t\t<div class=\"services-block__icon\">\n\t\t\t\t<i class=\"fa-solid fa-code\" aria-hidden=\"true\"><\/i>\n\t\t\t<\/div>\n\t\t\n\t\t\t\t\t<h4>D\u00e9veloppement<\/h4>\n\t\t\n\t\t\t\t\t<p>Th\u00e8mes WordPress sur mesure, extensions et blocs Gutenberg \u2014 rapides, s\u00e9curitaires et optimis\u00e9s pour les Core Web Vitals.<\/p>\t\t\n\t\t\t<\/div>\n<\/div>\n\n<div class=\"cell small-12 medium-6 large-6\" class=\"wp-block-wpl-service-item\">\n\t<div class=\"services-block\">\n\t\t\t\t\t<i class=\"fa-solid fa-chart-line services-block__bg-icon\" aria-hidden=\"true\"><\/i>\n\t\t\n\t\t\n\t\t\t\t\t<div class=\"services-block__icon\">\n\t\t\t\t<i class=\"fa-solid fa-chart-line\" aria-hidden=\"true\"><\/i>\n\t\t\t<\/div>\n\t\t\n\t\t\t\t\t<h4>Marketing<\/h4>\n\t\t\n\t\t\t\t\t<p>SEO, Google Ads, Facebook Ads, publicit\u00e9 LinkedIn, analytique et optimisation de conversion pour attirer les bons visiteurs et les transformer en clients.<\/p>\t\t\n\t\t\t<\/div>\n<\/div>\n\n\t\t\t\t\t<\/div>\n\t<\/div>\n<\/section>\n\n\n<section id=\"about-home\" class=\"wp-block-wpl-text-section\">\n\t<div class=\"grid-container\">\n\t\t<div class=\"grid-x grid-margin-x grid-padding-x\">\n\t\t\t<div class=\"cell medium-12\">\n\t\t\t\t<span class=\"section-subtitle\">Pourquoi WPlook<\/span>\n\t\t\t<\/div>\n\t\t<\/div>\n\t<\/div>\n\n\t<div class=\"grid-container\">\n\t\t<div class=\"grid-x\">\n\t\t\t<div class=\"cell small-12 post-list\">\n\t\t\t\t<div class=\"grid-x grid-margin-x grid-padding-x\">\n\t\t\t\t\t<div class=\"cell small-12 large-12\">\n\t\t\t\t\t\t<div class=\"entry-content\">\n\t\t\t\t\t\t\t<div class=\"grid-x grid-padding-x\">\n\t\t\t\t\t\t\t\t<div class=\"small-12 medium-12 cell\">\n\t\t\t\t\t\t\t\t\t<p><strong>WPlook Studio<\/strong> est une agence web WordPress bas\u00e9e \u00e0 Montr\u00e9al avec plus de 20 ans d&rsquo;exp\u00e9rience dans la cr\u00e9ation de sites web performants pour des entreprises au Canada, aux \u00c9tats-Unis et dans plus de 120 pays. Nous sommes contributeurs au noyau WordPress et fiers de servir nos clients en fran\u00e7ais et en anglais.<\/p><p>Du d\u00e9veloppement WordPress sur mesure et des boutiques WooCommerce \u00e0 l&rsquo;h\u00e9bergement cloud sur <strong>Microsoft Azure<\/strong> et des serveurs g\u00e9r\u00e9s <strong>cPanel\/EnhanceCP<\/strong> \u2014 notre \u00e9quipe de designers, d\u00e9veloppeurs et strat\u00e8ges num\u00e9riques livre des solutions qui impressionnent et g\u00e9n\u00e8rent de vrais r\u00e9sultats.<\/p>\t\t\t\t\t\t\t\t<\/div>\n\t\t\t\t\t\t\t<\/div>\n\t\t\t\t\t\t<\/div>\n\t\t\t\t\t<\/div>\n\t\t\t\t<\/div>\n\t\t\t<\/div>\n\t\t<\/div>\n\t<\/div>\n<\/section>\n\n\n<section id=\"project-list-home\" style=\"background-color:#f3f3f3;\" class=\"wp-block-wpl-client-logos\">\n\t<div class=\"grid-container\">\n\t\t<div class=\"grid-x grid-margin-x grid-padding-x\">\n\t\t\t<div class=\"cell medium-12\">\n\t\t\t\t<span class=\"section-subtitle\">Ils nous font confiance<\/span>\n\t\t\t<\/div>\n\t\t<\/div>\n\t<\/div>\n\t<div class=\"grid-container\">\n\t\t<div class=\"grid-x\">\n\t\t\t<div class=\"cell small-12 post-list\">\n\t\t\t\t<div class=\"entry-content\">\n\t\t\t\t\t<div class=\"grid-x grid-padding-x\">\n\t\t\t\t\t\t\t\t\t\t\t\t\t<div class=\"small-6 medium-6 large-3 cell\">\n\t\t\t\t\t\t\t\t<figure class=\"client-logo\">\n\t\t\t\t\t\t\t\t\t\t\t\t\t\t\t\t\t\t\t<img decoding=\"async\" src=\"https:\/\/wplook.ca\/fr\/wp-content\/uploads\/sites\/2\/2026\/03\/multi-pr-ts-mortgages-logo.svg\" class=\"attachment-full size-full\" alt=\"Multi-Pr\u00eats Mortgages\" title=\"Multi-Pr\u00eats Mortgages\" itemprop=\"logo\" \/>\t\t\t\t\t\t\t\t\t\t\t\t\t\t\t\t\t<\/figure>\n\t\t\t\t\t\t\t<\/div>\n\t\t\t\t\t\t\t\t\t\t\t\t\t<div class=\"small-6 medium-6 large-3 cell\">\n\t\t\t\t\t\t\t\t<figure class=\"client-logo\">\n\t\t\t\t\t\t\t\t\t\t\t\t\t\t\t\t\t\t\t<img loading=\"lazy\" decoding=\"async\" width=\"335\" height=\"66\" src=\"https:\/\/wplook.ca\/fr\/wp-content\/uploads\/sites\/2\/2026\/03\/invis-logo.png\" class=\"attachment-full size-full\" alt=\"Invis\" title=\"Invis\" itemprop=\"logo\" srcset=\"https:\/\/wplook.ca\/fr\/wp-content\/uploads\/sites\/2\/2026\/03\/invis-logo.png 335w, https:\/\/wplook.ca\/fr\/wp-content\/uploads\/sites\/2\/2026\/03\/invis-logo-300x59.png 300w\" sizes=\"auto, (max-width: 335px) 100vw, 335px\" \/>\t\t\t\t\t\t\t\t\t\t\t\t\t\t\t\t\t<\/figure>\n\t\t\t\t\t\t\t<\/div>\n\t\t\t\t\t\t\t\t\t\t\t\t\t<div class=\"small-6 medium-6 large-3 cell\">\n\t\t\t\t\t\t\t\t<figure class=\"client-logo\">\n\t\t\t\t\t\t\t\t\t\t\t\t\t\t\t\t\t\t\t<img loading=\"lazy\" decoding=\"async\" width=\"400\" height=\"123\" src=\"https:\/\/wplook.ca\/fr\/wp-content\/uploads\/sites\/2\/2026\/03\/intelligence-hypoth-caire-logo.png\" class=\"attachment-full size-full\" alt=\"Intelligence Hypoth\u00e9caire\" title=\"Intelligence Hypoth\u00e9caire\" itemprop=\"logo\" srcset=\"https:\/\/wplook.ca\/fr\/wp-content\/uploads\/sites\/2\/2026\/03\/intelligence-hypoth-caire-logo.png 400w, https:\/\/wplook.ca\/fr\/wp-content\/uploads\/sites\/2\/2026\/03\/intelligence-hypoth-caire-logo-300x92.png 300w\" sizes=\"auto, (max-width: 400px) 100vw, 400px\" \/>\t\t\t\t\t\t\t\t\t\t\t\t\t\t\t\t\t<\/figure>\n\t\t\t\t\t\t\t<\/div>\n\t\t\t\t\t\t\t\t\t\t\t\t\t<div class=\"small-6 medium-6 large-3 cell\">\n\t\t\t\t\t\t\t\t<figure class=\"client-logo\">\n\t\t\t\t\t\t\t\t\t\t\t\t\t\t\t\t\t\t\t<img decoding=\"async\" src=\"https:\/\/wplook.ca\/fr\/wp-content\/uploads\/sites\/2\/2026\/03\/mortgage-alliance-logo.svg\" class=\"attachment-full size-full\" alt=\"Mortgage Alliance\" title=\"Mortgage Alliance\" itemprop=\"logo\" \/>\t\t\t\t\t\t\t\t\t\t\t\t\t\t\t\t\t<\/figure>\n\t\t\t\t\t\t\t<\/div>\n\t\t\t\t\t\t\t\t\t\t\t\t\t<div class=\"small-6 medium-6 large-3 cell\">\n\t\t\t\t\t\t\t\t<figure class=\"client-logo\">\n\t\t\t\t\t\t\t\t\t\t\t\t\t\t\t\t\t\t\t<img decoding=\"async\" src=\"https:\/\/wplook.ca\/fr\/wp-content\/uploads\/sites\/2\/2026\/03\/influence-communication-logo.svg\" class=\"attachment-full size-full\" alt=\"Influence Communication\" title=\"Influence Communication\" itemprop=\"logo\" \/>\t\t\t\t\t\t\t\t\t\t\t\t\t\t\t\t\t<\/figure>\n\t\t\t\t\t\t\t<\/div>\n\t\t\t\t\t\t\t\t\t\t\t\t\t<div class=\"small-6 medium-6 large-3 cell\">\n\t\t\t\t\t\t\t\t<figure class=\"client-logo\">\n\t\t\t\t\t\t\t\t\t\t\t\t\t\t\t\t\t\t\t<img decoding=\"async\" src=\"https:\/\/wplook.ca\/fr\/wp-content\/uploads\/sites\/2\/2026\/03\/kombi-canada-logo.svg\" class=\"attachment-full size-full\" alt=\"Kombi Canada\" title=\"Kombi Canada\" itemprop=\"logo\" \/>\t\t\t\t\t\t\t\t\t\t\t\t\t\t\t\t\t<\/figure>\n\t\t\t\t\t\t\t<\/div>\n\t\t\t\t\t\t\t\t\t\t\t\t\t<div class=\"small-6 medium-6 large-3 cell\">\n\t\t\t\t\t\t\t\t<figure class=\"client-logo\">\n\t\t\t\t\t\t\t\t\t\t\t\t\t\t\t\t\t\t\t<img decoding=\"async\" src=\"https:\/\/wplook.ca\/fr\/wp-content\/uploads\/sites\/2\/2026\/03\/bell-media-logo.svg\" class=\"attachment-full size-full\" alt=\"Bell Media\" title=\"Bell Media\" itemprop=\"logo\" \/>\t\t\t\t\t\t\t\t\t\t\t\t\t\t\t\t\t<\/figure>\n\t\t\t\t\t\t\t<\/div>\n\t\t\t\t\t\t\t\t\t\t\t\t\t<div class=\"small-6 medium-6 large-3 cell\">\n\t\t\t\t\t\t\t\t<figure class=\"client-logo\">\n\t\t\t\t\t\t\t\t\t\t\t\t\t\t\t\t\t\t\t<img decoding=\"async\" src=\"https:\/\/wplook.ca\/fr\/wp-content\/uploads\/sites\/2\/2026\/03\/investment-executive-logo.svg\" class=\"attachment-full size-full\" alt=\"Investment Executive\" title=\"Investment Executive\" itemprop=\"logo\" \/>\t\t\t\t\t\t\t\t\t\t\t\t\t\t\t\t\t<\/figure>\n\t\t\t\t\t\t\t<\/div>\n\t\t\t\t\t\t\t\t\t\t\t\t\t<div class=\"small-6 medium-6 large-3 cell\">\n\t\t\t\t\t\t\t\t<figure class=\"client-logo\">\n\t\t\t\t\t\t\t\t\t\t\t\t\t\t\t\t\t\t\t<img loading=\"lazy\" decoding=\"async\" width=\"300\" height=\"101\" src=\"https:\/\/wplook.ca\/fr\/wp-content\/uploads\/sites\/2\/2026\/03\/ideka-logo.png\" class=\"attachment-full size-full\" alt=\"IDEKA\" title=\"IDEKA\" itemprop=\"logo\" \/>\t\t\t\t\t\t\t\t\t\t\t\t\t\t\t\t\t<\/figure>\n\t\t\t\t\t\t\t<\/div>\n\t\t\t\t\t\t\t\t\t\t\t\t\t<div class=\"small-6 medium-6 large-3 cell\">\n\t\t\t\t\t\t\t\t<figure class=\"client-logo\">\n\t\t\t\t\t\t\t\t\t\t\t\t\t\t\t\t\t\t\t<img loading=\"lazy\" decoding=\"async\" width=\"269\" height=\"94\" src=\"https:\/\/wplook.ca\/fr\/wp-content\/uploads\/sites\/2\/2026\/03\/app-bom-logo.png\" class=\"attachment-full size-full\" alt=\"App Bom\" title=\"App Bom\" itemprop=\"logo\" \/>\t\t\t\t\t\t\t\t\t\t\t\t\t\t\t\t\t<\/figure>\n\t\t\t\t\t\t\t<\/div>\n\t\t\t\t\t\t\t\t\t\t\t\t\t<div class=\"small-6 medium-6 large-3 cell\">\n\t\t\t\t\t\t\t\t<figure class=\"client-logo\">\n\t\t\t\t\t\t\t\t\t\t\t\t\t\t\t\t\t\t\t<a href=\"https:\/\/iamevolving.com\" target=\"_blank\" title=\"iAmEvolving\">\n\t\t\t\t\t\t\t\t\t\t\t<img decoding=\"async\" src=\"https:\/\/wplook.ca\/fr\/wp-content\/uploads\/sites\/2\/2026\/03\/iamevolving-logo.svg\" class=\"attachment-full size-full\" alt=\"iAmEvolving\" title=\"iAmEvolving\" itemprop=\"logo\" \/>\t\t\t\t\t\t\t\t\t\t<\/a>\n\t\t\t\t\t\t\t\t\t\t\t\t\t\t\t\t\t<\/figure>\n\t\t\t\t\t\t\t<\/div>\n\t\t\t\t\t\t\t\t\t\t\t\t\t<div class=\"small-6 medium-6 large-3 cell\">\n\t\t\t\t\t\t\t\t<figure class=\"client-logo\">\n\t\t\t\t\t\t\t\t\t\t\t\t\t\t\t\t\t\t\t<img decoding=\"async\" src=\"https:\/\/wplook.ca\/fr\/wp-content\/uploads\/sites\/2\/2026\/03\/formation-retrouss-logo.svg\" class=\"attachment-full size-full\" alt=\"Formation Retrouss\u00e9\" title=\"Formation Retrouss\u00e9\" itemprop=\"logo\" \/>\t\t\t\t\t\t\t\t\t\t\t\t\t\t\t\t\t<\/figure>\n\t\t\t\t\t\t\t<\/div>\n\t\t\t\t\t\t\t\t\t\t\t\t\t<div class=\"small-6 medium-6 large-3 cell\">\n\t\t\t\t\t\t\t\t<figure class=\"client-logo\">\n\t\t\t\t\t\t\t\t\t\t\t\t\t\t\t\t\t\t\t<a href=\"https:\/\/www.m3-tech.ca\" target=\"_blank\" title=\"M3 Tech\">\n\t\t\t\t\t\t\t\t\t\t\t<img decoding=\"async\" src=\"https:\/\/wplook.ca\/fr\/wp-content\/uploads\/sites\/2\/2026\/03\/m3-tech-boss-logo.svg\" class=\"attachment-full size-full\" alt=\"M3 Tech\" title=\"M3 Tech\" itemprop=\"logo\" \/>\t\t\t\t\t\t\t\t\t\t<\/a>\n\t\t\t\t\t\t\t\t\t\t\t\t\t\t\t\t\t<\/figure>\n\t\t\t\t\t\t\t<\/div>\n\t\t\t\t\t\t\t\t\t\t\t<\/div>\n\t\t\t\t<\/div>\n\t\t\t<\/div>\n\t\t<\/div>\n\t<\/div>\n<\/section>\n","protected":false},"excerpt":{"rendered":"","protected":false},"author":1,"featured_media":0,"parent":0,"menu_order":0,"comment_status":"closed","ping_status":"closed","template":"","meta":{"_yoast_wpseo_focuskw":"agence wordpress montr\u00e9al","_yoast_wpseo_title":"Agence WordPress Montr\u00e9al | 20+ ans d'exp\u00e9rience - WPlook Studio","_yoast_wpseo_metadesc":"WPlook Studio est une agence WordPress \u00e0 Montr\u00e9al avec plus de 20 ans d'exp\u00e9rience. D\u00e9veloppement WordPress sur mesure, WooCommerce, SEO et marketing num\u00e9rique pour les entreprises au Canada.","_wpl_gsc_clicks":2,"_wpl_gsc_impressions":1312,"_wpl_gsc_ctr":0.0015,"_wpl_gsc_position":21.4,"_wpl_gsc_queries":"[{\"query\":\"wordpress agency montreal\",\"clicks\":0,\"impressions\":373,\"ctr\":0,\"position\":10},{\"query\":\"montreal wordpress agency\",\"clicks\":0,\"impressions\":206,\"ctr\":0,\"position\":20.4},{\"query\":\"web agency quebec\",\"clicks\":0,\"impressions\":66,\"ctr\":0,\"position\":25.5},{\"query\":\"wordpress montreal\",\"clicks\":0,\"impressions\":52,\"ctr\":0,\"position\":60.7},{\"query\":\"wordpress development agency montreal\",\"clicks\":0,\"impressions\":46,\"ctr\":0,\"position\":27.8},{\"query\":\"wordpress agency laval\",\"clicks\":0,\"impressions\":40,\"ctr\":0,\"position\":46.1},{\"query\":\"montreal wordpress development\",\"clicks\":0,\"impressions\":38,\"ctr\":0,\"position\":11.9},{\"query\":\"wordpress web agency canada\",\"clicks\":0,\"impressions\":37,\"ctr\":0,\"position\":15.5},{\"query\":\"web agency canada\",\"clicks\":0,\"impressions\":35,\"ctr\":0,\"position\":26.5},{\"query\":\"montreal wordpress website design\",\"clicks\":0,\"impressions\":25,\"ctr\":0,\"position\":55.8},{\"query\":\"web agency montreal\",\"clicks\":0,\"impressions\":23,\"ctr\":0,\"position\":48.9},{\"query\":\"digital web agency montreal\",\"clicks\":0,\"impressions\":22,\"ctr\":0,\"position\":37.2},{\"query\":\"wordpress website montreal\",\"clicks\":0,\"impressions\":22,\"ctr\":0,\"position\":42.2},{\"query\":\"web agency\",\"clicks\":0,\"impressions\":20,\"ctr\":0,\"position\":36.5},{\"query\":\"wordpress web design montreal\",\"clicks\":0,\"impressions\":20,\"ctr\":0,\"position\":25.7},{\"query\":\"wordpress development montreal\",\"clicks\":0,\"impressions\":19,\"ctr\":0,\"position\":27.5},{\"query\":\"wplook\",\"clicks\":0,\"impressions\":18,\"ctr\":0,\"position\":6.3},{\"query\":\"wordpress design agencies canada\",\"clicks\":0,\"impressions\":12,\"ctr\":0,\"position\":15.7},{\"query\":\"canadian wordpress design agencies\",\"clicks\":0,\"impressions\":9,\"ctr\":0,\"position\":7.2},{\"query\":\"montreal web agency\",\"clicks\":0,\"impressions\":9,\"ctr\":0,\"position\":34.6},{\"query\":\"wordpress agency\",\"clicks\":0,\"impressions\":9,\"ctr\":0,\"position\":45},{\"query\":\"wordpress agency canada\",\"clicks\":0,\"impressions\":5,\"ctr\":0,\"position\":20.6},{\"query\":\"canada web agency\",\"clicks\":0,\"impressions\":4,\"ctr\":0,\"position\":54.3},{\"query\":\"digital web agency\",\"clicks\":0,\"impressions\":4,\"ctr\":0,\"position\":14.3},{\"query\":\"web digital agency\",\"clicks\":0,\"impressions\":4,\"ctr\":0,\"position\":67}]","_wpl_gsc_updated":"2026-04-11T13:16:32+00:00","footnotes":"","wpl_teaser_subtitle":"","wpl_teaser_description":"","opposite_language_url":"https:\/\/wplook.ca\/"},"class_list":["post-8","page","type-page","status-publish","hentry"],"yoast_head":"<!-- This site is optimized with the Yoast SEO plugin v27.3 - https:\/\/yoast.com\/product\/yoast-seo-wordpress\/ -->\n<title>Agence WordPress Montr\u00e9al | 20+ ans d&#039;exp\u00e9rience - WPlook Studio<\/title>\n<meta name=\"description\" content=\"WPlook Studio est une agence WordPress \u00e0 Montr\u00e9al avec plus de 20 ans d&#039;exp\u00e9rience. D\u00e9veloppement WordPress sur mesure, WooCommerce, SEO et marketing num\u00e9rique pour les entreprises au Canada.\" \/>\n<meta name=\"robots\" content=\"index, follow, max-snippet:-1, max-image-preview:large, max-video-preview:-1\" \/>\n<link rel=\"canonical\" href=\"https:\/\/wplook.ca\/fr\/\" \/>\n<meta property=\"og:locale\" content=\"fr_CA\" \/>\n<meta property=\"og:type\" content=\"article\" \/>\n<meta property=\"og:title\" content=\"Agence WordPress Montr\u00e9al | 20+ ans d&#039;exp\u00e9rience - WPlook Studio\" \/>\n<meta property=\"og:description\" content=\"WPlook Studio est une agence WordPress \u00e0 Montr\u00e9al avec plus de 20 ans d&#039;exp\u00e9rience. D\u00e9veloppement WordPress sur mesure, WooCommerce, SEO et marketing num\u00e9rique pour les entreprises au Canada.\" \/>\n<meta property=\"og:url\" content=\"https:\/\/wplook.ca\/fr\/\" \/>\n<meta property=\"og:site_name\" content=\"Agence Web WPlook\" \/>\n<meta property=\"article:modified_time\" content=\"2026-03-02T07:04:48+00:00\" \/>\n<meta name=\"twitter:card\" content=\"summary_large_image\" \/>\n<script type=\"application\/ld+json\" class=\"yoast-schema-graph\">{\"@context\":\"https:\\\/\\\/schema.org\",\"@graph\":[{\"@type\":\"WebPage\",\"@id\":\"https:\\\/\\\/wplook.ca\\\/fr\\\/\",\"url\":\"https:\\\/\\\/wplook.ca\\\/fr\\\/\",\"name\":\"Agence WordPress Montr\u00e9al | 20+ ans d'exp\u00e9rience - WPlook Studio\",\"isPartOf\":{\"@id\":\"https:\\\/\\\/wplook.ca\\\/fr\\\/#website\"},\"datePublished\":\"2018-01-11T17:55:31+00:00\",\"dateModified\":\"2026-03-02T07:04:48+00:00\",\"description\":\"WPlook Studio est une agence WordPress \u00e0 Montr\u00e9al avec plus de 20 ans d'exp\u00e9rience. D\u00e9veloppement WordPress sur mesure, WooCommerce, SEO et marketing num\u00e9rique pour les entreprises au Canada.\",\"breadcrumb\":{\"@id\":\"https:\\\/\\\/wplook.ca\\\/fr\\\/#breadcrumb\"},\"inLanguage\":\"fr-CA\",\"potentialAction\":[{\"@type\":\"ReadAction\",\"target\":[\"https:\\\/\\\/wplook.ca\\\/fr\\\/\"]}]},{\"@type\":\"BreadcrumbList\",\"@id\":\"https:\\\/\\\/wplook.ca\\\/fr\\\/#breadcrumb\",\"itemListElement\":[{\"@type\":\"ListItem\",\"position\":1,\"name\":\"Home\",\"item\":\"https:\\\/\\\/wplook.ca\\\/fr\\\/\"},{\"@type\":\"ListItem\",\"position\":2,\"name\":\"Accueil\"}]},{\"@type\":\"WebSite\",\"@id\":\"https:\\\/\\\/wplook.ca\\\/fr\\\/#website\",\"url\":\"https:\\\/\\\/wplook.ca\\\/fr\\\/\",\"name\":\"Agence Web WPlook\",\"description\":\"\",\"potentialAction\":[{\"@type\":\"SearchAction\",\"target\":{\"@type\":\"EntryPoint\",\"urlTemplate\":\"https:\\\/\\\/wplook.ca\\\/fr\\\/?s={search_term_string}\"},\"query-input\":{\"@type\":\"PropertyValueSpecification\",\"valueRequired\":true,\"valueName\":\"search_term_string\"}}],\"inLanguage\":\"fr-CA\"}]}<\/script>\n<!-- \/ Yoast SEO plugin. -->","yoast_head_json":{"title":"Agence WordPress Montr\u00e9al | 20+ ans d'exp\u00e9rience - WPlook Studio","description":"WPlook Studio est une agence WordPress \u00e0 Montr\u00e9al avec plus de 20 ans d'exp\u00e9rience. D\u00e9veloppement WordPress sur mesure, WooCommerce, SEO et marketing num\u00e9rique pour les entreprises au Canada.","robots":{"index":"index","follow":"follow","max-snippet":"max-snippet:-1","max-image-preview":"max-image-preview:large","max-video-preview":"max-video-preview:-1"},"canonical":"https:\/\/wplook.ca\/fr\/","og_locale":"fr_CA","og_type":"article","og_title":"Agence WordPress Montr\u00e9al | 20+ ans d'exp\u00e9rience - WPlook Studio","og_description":"WPlook Studio est une agence WordPress \u00e0 Montr\u00e9al avec plus de 20 ans d'exp\u00e9rience. D\u00e9veloppement WordPress sur mesure, WooCommerce, SEO et marketing num\u00e9rique pour les entreprises au Canada.","og_url":"https:\/\/wplook.ca\/fr\/","og_site_name":"Agence Web WPlook","article_modified_time":"2026-03-02T07:04:48+00:00","twitter_card":"summary_large_image","schema":{"@context":"https:\/\/schema.org","@graph":[{"@type":"WebPage","@id":"https:\/\/wplook.ca\/fr\/","url":"https:\/\/wplook.ca\/fr\/","name":"Agence WordPress Montr\u00e9al | 20+ ans d'exp\u00e9rience - WPlook Studio","isPartOf":{"@id":"https:\/\/wplook.ca\/fr\/#website"},"datePublished":"2018-01-11T17:55:31+00:00","dateModified":"2026-03-02T07:04:48+00:00","description":"WPlook Studio est une agence WordPress \u00e0 Montr\u00e9al avec plus de 20 ans d'exp\u00e9rience. D\u00e9veloppement WordPress sur mesure, WooCommerce, SEO et marketing num\u00e9rique pour les entreprises au Canada.","breadcrumb":{"@id":"https:\/\/wplook.ca\/fr\/#breadcrumb"},"inLanguage":"fr-CA","potentialAction":[{"@type":"ReadAction","target":["https:\/\/wplook.ca\/fr\/"]}]},{"@type":"BreadcrumbList","@id":"https:\/\/wplook.ca\/fr\/#breadcrumb","itemListElement":[{"@type":"ListItem","position":1,"name":"Home","item":"https:\/\/wplook.ca\/fr\/"},{"@type":"ListItem","position":2,"name":"Accueil"}]},{"@type":"WebSite","@id":"https:\/\/wplook.ca\/fr\/#website","url":"https:\/\/wplook.ca\/fr\/","name":"Agence Web WPlook","description":"","potentialAction":[{"@type":"SearchAction","target":{"@type":"EntryPoint","urlTemplate":"https:\/\/wplook.ca\/fr\/?s={search_term_string}"},"query-input":{"@type":"PropertyValueSpecification","valueRequired":true,"valueName":"search_term_string"}}],"inLanguage":"fr-CA"}]}},"_links":{"self":[{"href":"https:\/\/wplook.ca\/fr\/wp-json\/wp\/v2\/pages\/8","targetHints":{"allow":["GET"]}}],"collection":[{"href":"https:\/\/wplook.ca\/fr\/wp-json\/wp\/v2\/pages"}],"about":[{"href":"https:\/\/wplook.ca\/fr\/wp-json\/wp\/v2\/types\/page"}],"author":[{"embeddable":true,"href":"https:\/\/wplook.ca\/fr\/wp-json\/wp\/v2\/users\/1"}],"replies":[{"embeddable":true,"href":"https:\/\/wplook.ca\/fr\/wp-json\/wp\/v2\/comments?post=8"}],"version-history":[{"count":3,"href":"https:\/\/wplook.ca\/fr\/wp-json\/wp\/v2\/pages\/8\/revisions"}],"predecessor-version":[{"id":341,"href":"https:\/\/wplook.ca\/fr\/wp-json\/wp\/v2\/pages\/8\/revisions\/341"}],"wp:attachment":[{"href":"https:\/\/wplook.ca\/fr\/wp-json\/wp\/v2\/media?parent=8"}],"curies":[{"name":"wp","href":"https:\/\/api.w.org\/{rel}","templated":true}]}}